{"id":1585,"date":"2024-06-21T15:30:05","date_gmt":"2024-06-21T07:30:05","guid":{"rendered":"https:\/\/estremointernational.com\/staging\/chinh-sach-hoan-tien-va-doi-tra\/"},"modified":"2024-06-21T16:00:26","modified_gmt":"2024-06-21T08:00:26","slug":"chinh-sach-hoan-tien-va-doi-tra","status":"publish","type":"page","link":"https:\/\/estremointernational.com\/vi\/chinh-sach-hoan-tien-va-doi-tra\/","title":{"rendered":"Ch\u00ednh s\u00e1ch ho\u00e0n ti\u1ec1n v\u00e0 \u0111\u1ed5i tr\u1ea3"},"content":{"rendered":"\n<p><b>\u0110\u00e2y l\u00e0 m\u1ed9t trang m\u1eabu.<\/b><\/p>\n\n<h2 class=\"wp-block-heading\">T\u1ed5ng quan<\/h2>\n\n<p>Ch\u00ednh s\u00e1ch ho\u00e0n ti\u1ec1n v\u00e0 ho\u00e0n tr\u1ea3 c\u1ee7a ch\u00fang t\u00f4i k\u00e9o d\u00e0i 30 ng\u00e0y. N\u1ebfu \u0111\u00e3 30 ng\u00e0y tr\u00f4i qua k\u1ec3 t\u1eeb khi b\u1ea1n mua h\u00e0ng, ch\u00fang t\u00f4i kh\u00f4ng th\u1ec3 ho\u00e0n l\u1ea1i to\u00e0n b\u1ed9 ti\u1ec1n ho\u1eb7c trao \u0111\u1ed5i cho b\u1ea1n.<\/p>\n\n<p>\u0110\u1ec3 \u0111\u1ee7 \u0111i\u1ec1u ki\u1ec7n tr\u1ea3 l\u1ea1i, m\u1eb7t h\u00e0ng c\u1ee7a b\u1ea1n ph\u1ea3i ch\u01b0a \u0111\u01b0\u1ee3c s\u1eed d\u1ee5ng v\u00e0 trong c\u00f9ng t\u00ecnh tr\u1ea1ng m\u00e0 b\u1ea1n \u0111\u00e3 nh\u1eadn \u0111\u01b0\u1ee3c. N\u00f3 c\u0169ng ph\u1ea3i c\u00f3 trong bao b\u00ec g\u1ed1c.<\/p>\n\n<p>M\u1ed9t s\u1ed1 lo\u1ea1i h\u00e0ng h\u00f3a \u0111\u01b0\u1ee3c mi\u1ec5n tr\u1ea3 l\u1ea1i. H\u00e0ng h\u00f3a d\u1ec5 h\u1ecfng nh\u01b0 th\u1ef1c ph\u1ea9m, hoa, b\u00e1o ho\u1eb7c t\u1ea1p ch\u00ed kh\u00f4ng th\u1ec3 \u0111\u01b0\u1ee3c tr\u1ea3 l\u1ea1i. Ch\u00fang t\u00f4i c\u0169ng kh\u00f4ng ch\u1ea5p nh\u1eadn c\u00e1c s\u1ea3n ph\u1ea9m l\u00e0 h\u00e0ng h\u00f3a th\u00e2n m\u1eadt ho\u1eb7c v\u1ec7 sinh, v\u1eadt li\u1ec7u nguy hi\u1ec3m ho\u1eb7c ch\u1ea5t l\u1ecfng ho\u1eb7c kh\u00ed d\u1ec5 ch\u00e1y.<\/p>\n\n<p>C\u00e1c m\u1eb7t h\u00e0ng kh\u00f4ng th\u1ec3 tr\u1ea3 l\u1ea1i kh\u00e1c:<\/p>\n\n<ul>\n<li>Th\u1ebb qu\u00e0 t\u1eb7ng<\/li>\n<li>S\u1ea3n ph\u1ea9m ph\u1ea7n m\u1ec1m c\u00f3 th\u1ec3 t\u1ea3i xu\u1ed1ng<\/li>\n<li>M\u1ed9t s\u1ed1 m\u1eb7t h\u00e0ng ch\u0103m s\u00f3c s\u1ee9c kh\u1ecfe v\u00e0 c\u00e1 nh\u00e2n<\/li>\n<\/ul>\n\n<p>\u0110\u1ec3 ho\u00e0n t\u1ea5t vi\u1ec7c tr\u1ea3 l\u1ea1i h\u00e0ng c\u1ee7a b\u1ea1n, ch\u00fang t\u00f4i y\u00eau c\u1ea7u bi\u00ean lai ho\u1eb7c b\u1eb1ng ch\u1ee9ng mua h\u00e0ng.<\/p>\n\n<p>Vui l\u00f2ng kh\u00f4ng g\u1eedi l\u1ea1i giao d\u1ecbch mua c\u1ee7a b\u1ea1n cho nh\u00e0 s\u1ea3n xu\u1ea5t.<\/p>\n\n<p>C\u00f3 m\u1ed9t s\u1ed1 t\u00ecnh hu\u1ed1ng nh\u1ea5t \u0111\u1ecbnh ch\u1ec9 \u0111\u01b0\u1ee3c ho\u00e0n l\u1ea1i m\u1ed9t ph\u1ea7n:<\/p>\n\n<ul>\n<li>S\u00e1ch c\u00f3 d\u1ea5u hi\u1ec7u s\u1eed d\u1ee5ng r\u00f5 r\u00e0ng<\/li>\n<li>CD, DVD, VHS b\u0103ng, ph\u1ea7n m\u1ec1m, tr\u00f2 ch\u01a1i \u0111i\u1ec7n t\u1eed, b\u0103ng cassette ho\u1eb7c b\u1ea3n ghi vinyl \u0111\u00e3 \u0111\u01b0\u1ee3c m\u1edf.<\/li>\n<li>B\u1ea5t k\u1ef3 m\u1eb7t h\u00e0ng n\u00e0o kh\u00f4ng \u1edf trong t\u00ecnh tr\u1ea1ng ban \u0111\u1ea7u, b\u1ecb h\u01b0 h\u1ecfng ho\u1eb7c thi\u1ebfu c\u00e1c b\u1ed9 ph\u1eadn v\u00ec nh\u1eefng l\u00fd do kh\u00f4ng ph\u1ea3i do l\u1ed7i c\u1ee7a ch\u00fang t\u00f4i.<\/li>\n<li>B\u1ea5t k\u1ef3 m\u1eb7t h\u00e0ng n\u00e0o \u0111\u01b0\u1ee3c tr\u1ea3 l\u1ea1i h\u01a1n 30 ng\u00e0y sau khi giao h\u00e0ng<\/li>\n<\/ul>\n\n<h2>Refunds<\/h2>\n\n<p>Khi h\u00e0ng tr\u1ea3 l\u1ea1i c\u1ee7a b\u1ea1n \u0111\u01b0\u1ee3c nh\u1eadn v\u00e0 ki\u1ec3m tra, ch\u00fang t\u00f4i s\u1ebd g\u1eedi cho b\u1ea1n m\u1ed9t email \u0111\u1ec3 th\u00f4ng b\u00e1o cho b\u1ea1n r\u1eb1ng ch\u00fang t\u00f4i \u0111\u00e3 nh\u1eadn \u0111\u01b0\u1ee3c h\u00e0ng tr\u1ea3 l\u1ea1i c\u1ee7a b\u1ea1n. Ch\u00fang t\u00f4i c\u0169ng s\u1ebd th\u00f4ng b\u00e1o cho b\u1ea1n v\u1ec1 vi\u1ec7c ch\u1ea5p thu\u1eadn ho\u1eb7c t\u1eeb ch\u1ed1i ho\u00e0n ti\u1ec1n c\u1ee7a b\u1ea1n.<\/p>\n\n<p>N\u1ebfu b\u1ea1n \u0111\u01b0\u1ee3c ch\u1ea5p thu\u1eadn, kho\u1ea3n ti\u1ec1n ho\u00e0n l\u1ea1i c\u1ee7a b\u1ea1n s\u1ebd \u0111\u01b0\u1ee3c x\u1eed l\u00fd v\u00e0 t\u00edn d\u1ee5ng s\u1ebd t\u1ef1 \u0111\u1ed9ng \u0111\u01b0\u1ee3c \u00e1p d\u1ee5ng cho th\u1ebb t\u00edn d\u1ee5ng ho\u1eb7c ph\u01b0\u01a1ng th\u1ee9c thanh to\u00e1n ban \u0111\u1ea7u c\u1ee7a b\u1ea1n, trong m\u1ed9t s\u1ed1 ng\u00e0y nh\u1ea5t \u0111\u1ecbnh.<\/p>\n\n<h3 class=\"wp-block-heading\">Ho\u00e0n ti\u1ec1n tr\u1ec5 ho\u1eb7c thi\u1ebfu<\/h3>\n\n<p>N\u1ebfu b\u1ea1n ch\u01b0a nh\u1eadn \u0111\u01b0\u1ee3c ti\u1ec1n ho\u00e0n l\u1ea1i, tr\u01b0\u1edbc ti\u00ean h\u00e3y ki\u1ec3m tra l\u1ea1i t\u00e0i kho\u1ea3n ng\u00e2n h\u00e0ng c\u1ee7a b\u1ea1n.<\/p>\n\n<p>Sau \u0111\u00f3 li\u00ean h\u1ec7 v\u1edbi c\u00f4ng ty th\u1ebb t\u00edn d\u1ee5ng c\u1ee7a b\u1ea1n, c\u00f3 th\u1ec3 m\u1ea5t m\u1ed9t th\u1eddi gian tr\u01b0\u1edbc khi kho\u1ea3n ti\u1ec1n ho\u00e0n l\u1ea1i c\u1ee7a b\u1ea1n \u0111\u01b0\u1ee3c \u0111\u0103ng ch\u00ednh th\u1ee9c.<\/p>\n\n<p>Ti\u1ebfp theo, li\u00ean h\u1ec7 v\u1edbi ng\u00e2n h\u00e0ng c\u1ee7a b\u1ea1n. Th\u01b0\u1eddng c\u00f3 m\u1ed9t kho\u1ea3ng th\u1eddi gian x\u1eed l\u00fd tr\u01b0\u1edbc khi ho\u00e0n ti\u1ec1n \u0111\u01b0\u1ee3c \u0111\u0103ng.<\/p>\n\n<p>N\u1ebfu b\u1ea1n \u0111\u00e3 th\u1ef1c hi\u1ec7n t\u1ea5t c\u1ea3 nh\u1eefng \u0111i\u1ec1u n\u00e0y v\u00e0 v\u1eabn ch\u01b0a nh\u1eadn \u0111\u01b0\u1ee3c ti\u1ec1n ho\u00e0n l\u1ea1i, vui l\u00f2ng li\u00ean h\u1ec7 v\u1edbi ch\u00fang t\u00f4i theo \u0111\u1ecba ch\u1ec9 {\u0111\u1ecba ch\u1ec9 email}.<\/p>\n\n<h3 class=\"wp-block-heading\">M\u1eb7t h\u00e0ng gi\u1ea3m gi\u00e1<\/h3>\n\n<p>Ch\u1ec9 nh\u1eefng m\u1eb7t h\u00e0ng c\u00f3 gi\u00e1 th\u00f4ng th\u01b0\u1eddng m\u1edbi c\u00f3 th\u1ec3 \u0111\u01b0\u1ee3c ho\u00e0n ti\u1ec1n. C\u00e1c m\u1eb7t h\u00e0ng b\u00e1n kh\u00f4ng th\u1ec3 \u0111\u01b0\u1ee3c ho\u00e0n l\u1ea1i.<\/p>\n\n<h2>Exchanges<\/h2>\n\n<p>Ch\u00fang t\u00f4i ch\u1ec9 thay th\u1ebf c\u00e1c m\u1eb7t h\u00e0ng n\u1ebfu ch\u00fang b\u1ecb l\u1ed7i ho\u1eb7c h\u01b0 h\u1ecfng. N\u1ebfu b\u1ea1n c\u1ea7n \u0111\u1ed5i n\u00f3 l\u1ea5y c\u00f9ng m\u1ed9t m\u1eb7t h\u00e0ng, h\u00e3y g\u1eedi email cho ch\u00fang t\u00f4i theo \u0111\u1ecba ch\u1ec9 {\u0111\u1ecba ch\u1ec9 email} v\u00e0 g\u1eedi m\u1eb7t h\u00e0ng c\u1ee7a b\u1ea1n \u0111\u1ebfn: {\u0111\u1ecba ch\u1ec9 th\u1ef1c}.<\/p>\n\n<h2>Gifts<\/h2>\n\n<p>N\u1ebfu m\u1eb7t h\u00e0ng \u0111\u01b0\u1ee3c \u0111\u00e1nh d\u1ea5u l\u00e0 qu\u00e0 t\u1eb7ng khi mua v\u00e0 v\u1eadn chuy\u1ec3n tr\u1ef1c ti\u1ebfp cho b\u1ea1n, b\u1ea1n s\u1ebd nh\u1eadn \u0111\u01b0\u1ee3c t\u00edn d\u1ee5ng qu\u00e0 t\u1eb7ng cho gi\u00e1 tr\u1ecb tr\u1ea3 l\u1ea1i c\u1ee7a m\u00ecnh. Sau khi nh\u1eadn \u0111\u01b0\u1ee3c h\u00e0ng tr\u1ea3 l\u1ea1i, phi\u1ebfu qu\u00e0 t\u1eb7ng s\u1ebd \u0111\u01b0\u1ee3c g\u1eedi qua \u0111\u01b0\u1eddng b\u01b0u \u0111i\u1ec7n cho b\u1ea1n.<\/p>\n\n<p>N\u1ebfu m\u1eb7t h\u00e0ng kh\u00f4ng \u0111\u01b0\u1ee3c \u0111\u00e1nh d\u1ea5u l\u00e0 qu\u00e0 t\u1eb7ng khi mua ho\u1eb7c ng\u01b0\u1eddi t\u1eb7ng qu\u00e0 \u0111\u00e3 chuy\u1ec3n \u0111\u01a1n h\u00e0ng \u0111\u1ebfn ch\u00ednh h\u1ecd \u0111\u1ec3 t\u1eb7ng cho b\u1ea1n sau n\u00e0y, ch\u00fang t\u00f4i s\u1ebd g\u1eedi ti\u1ec1n ho\u00e0n l\u1ea1i cho ng\u01b0\u1eddi t\u1eb7ng qu\u00e0 v\u00e0 h\u1ecd s\u1ebd t\u00ecm hi\u1ec3u v\u1ec1 vi\u1ec7c tr\u1ea3 l\u1ea1i c\u1ee7a b\u1ea1n.<\/p>\n\n<h2>Shipping returns<\/h2>\n\n<p>\u0110\u1ec3 tr\u1ea3 l\u1ea1i s\u1ea3n ph\u1ea9m, b\u1ea1n n\u00ean g\u1eedi s\u1ea3n ph\u1ea9m \u0111\u1ebfn: {\u0111\u1ecba ch\u1ec9 th\u1ef1c}.<\/p>\n\n<p>B\u1ea1n s\u1ebd ch\u1ecbu tr\u00e1ch nhi\u1ec7m thanh to\u00e1n chi ph\u00ed v\u1eadn chuy\u1ec3n c\u1ee7a ri\u00eang b\u1ea1n \u0111\u1ec3 tr\u1ea3 l\u1ea1i h\u00e0ng c\u1ee7a b\u1ea1n. Chi ph\u00ed v\u1eadn chuy\u1ec3n kh\u00f4ng \u0111\u01b0\u1ee3c ho\u00e0n l\u1ea1i. N\u1ebfu b\u1ea1n nh\u1eadn \u0111\u01b0\u1ee3c ti\u1ec1n ho\u00e0n l\u1ea1i, chi ph\u00ed v\u1eadn chuy\u1ec3n tr\u1ea3 l\u1ea1i s\u1ebd \u0111\u01b0\u1ee3c kh\u1ea5u tr\u1eeb v\u00e0o kho\u1ea3n ti\u1ec1n ho\u00e0n l\u1ea1i c\u1ee7a b\u1ea1n.<\/p>\n\n<p>T\u00f9y thu\u1ed9c v\u00e0o n\u01a1i b\u1ea1n s\u1ed1ng, th\u1eddi gian \u0111\u1ec3 s\u1ea3n ph\u1ea9m trao \u0111\u1ed5i c\u1ee7a b\u1ea1n \u0111\u1ebfn tay b\u1ea1n c\u00f3 th\u1ec3 kh\u00e1c nhau.<\/p>\n\n<p>N\u1ebfu b\u1ea1n tr\u1ea3 l\u1ea1i c\u00e1c m\u1eb7t h\u00e0ng \u0111\u1eaft ti\u1ec1n h\u01a1n, b\u1ea1n c\u00f3 th\u1ec3 c\u00e2n nh\u1eafc s\u1eed d\u1ee5ng d\u1ecbch v\u1ee5 v\u1eadn chuy\u1ec3n c\u00f3 th\u1ec3 theo d\u00f5i ho\u1eb7c mua b\u1ea3o hi\u1ec3m v\u1eadn chuy\u1ec3n. Ch\u00fang t\u00f4i kh\u00f4ng \u0111\u1ea3m b\u1ea3o r\u1eb1ng ch\u00fang t\u00f4i s\u1ebd nh\u1eadn \u0111\u01b0\u1ee3c h\u00e0ng tr\u1ea3 l\u1ea1i c\u1ee7a b\u1ea1n.<\/p>\n\n<h2>Need help?<\/h2>\n\n<p>Li\u00ean h\u1ec7 v\u1edbi ch\u00fang t\u00f4i t\u1ea1i {email} n\u1ebfu c\u00f3 c\u00e2u h\u1ecfi li\u00ean quan \u0111\u1ebfn ho\u00e0n ti\u1ec1n v\u00e0 tr\u1ea3 l\u1ea1i.<\/p>\n","protected":false},"excerpt":{"rendered":"<p>\u0110\u00e2y l\u00e0 m\u1ed9t trang m\u1eabu. T\u1ed5ng quan Ch\u00ednh s\u00e1ch ho\u00e0n ti\u1ec1n v\u00e0 ho\u00e0n tr\u1ea3 c\u1ee7a ch\u00fang t\u00f4i k\u00e9o d\u00e0i 30 ng\u00e0y. N\u1ebfu \u0111\u00e3 30 ng\u00e0y tr\u00f4i qua k\u1ec3 t\u1eeb khi b\u1ea1n mua h\u00e0ng, ch\u00fang t\u00f4i kh\u00f4ng th\u1ec3 ho\u00e0n l\u1ea1i to\u00e0n b\u1ed9 ti\u1ec1n ho\u1eb7c trao \u0111\u1ed5i cho b\u1ea1n. \u0110\u1ec3 \u0111\u1ee7 \u0111i\u1ec1u ki\u1ec7n tr\u1ea3 l\u1ea1i, m\u1eb7t h\u00e0ng [&hellip;]<\/p>\n","protected":false},"author":1,"featured_media":0,"parent":0,"menu_order":0,"comment_status":"closed","ping_status":"closed","template":"","meta":{"footnotes":""},"_links":{"self":[{"href":"https:\/\/estremointernational.com\/vi\/wp-json\/wp\/v2\/pages\/1585"}],"collection":[{"href":"https:\/\/estremointernational.com\/vi\/wp-json\/wp\/v2\/pages"}],"about":[{"href":"https:\/\/estremointernational.com\/vi\/wp-json\/wp\/v2\/types\/page"}],"author":[{"embeddable":true,"href":"https:\/\/estremointernational.com\/vi\/wp-json\/wp\/v2\/users\/1"}],"replies":[{"embeddable":true,"href":"https:\/\/estremointernational.com\/vi\/wp-json\/wp\/v2\/comments?post=1585"}],"version-history":[{"count":1,"href":"https:\/\/estremointernational.com\/vi\/wp-json\/wp\/v2\/pages\/1585\/revisions"}],"predecessor-version":[{"id":1587,"href":"https:\/\/estremointernational.com\/vi\/wp-json\/wp\/v2\/pages\/1585\/revisions\/1587"}],"wp:attachment":[{"href":"https:\/\/estremointernational.com\/vi\/wp-json\/wp\/v2\/media?parent=1585"}],"curies":[{"name":"wp","href":"https:\/\/api.w.org\/{rel}","templated":true}]}}